{"id":4423,"date":"2023-10-15T22:14:51","date_gmt":"2023-10-15T21:14:51","guid":{"rendered":"https:\/\/www.wolf-w.de\/?page_id=4423"},"modified":"2024-06-05T05:32:46","modified_gmt":"2024-06-05T04:32:46","slug":"beatles-stunde","status":"publish","type":"page","link":"https:\/\/www.wolf-w.de\/?page_id=4423","title":{"rendered":"Beatlesstunde"},"content":{"rendered":"<p><a href=\"https:\/\/youtu.be\/Hw3yKxjFahM\"><img loading=\"lazy\" decoding=\"async\" class=\"alignnone size-medium wp-image-4446\" src=\"https:\/\/www.wolf-w.de\/wp-content\/uploads\/2023\/11\/abbey-road-nach-rechts-300x175.jpg\" alt=\"\" width=\"300\" height=\"175\" srcset=\"https:\/\/www.wolf-w.de\/wp-content\/uploads\/2023\/11\/abbey-road-nach-rechts-300x175.jpg 300w, https:\/\/www.wolf-w.de\/wp-content\/uploads\/2023\/11\/abbey-road-nach-rechts.jpg 318w\" sizes=\"auto, (max-width: 300px) 100vw, 300px\" \/><\/a><\/p>\n<p>Hier ein Ausschnitt einer &#8222;<a href=\"https:\/\/www.facebook.com\/wolf.wiedemann\/videos\/2555516297951682\"><span style=\"color: #800000;\">Beatlesstunde<\/span><\/a>&#8220;<br \/>\nvon &#8222;<span style=\"color: #800000;\"><em>Ain&#8217;t she sweet<\/em><\/span>&#8220; \u00fcber &#8222;<span style=\"color: #800000;\"><em>All you need is love<\/em><\/span>&#8220; bis &#8222;<span style=\"color: #800000;\"><em>Let it be<\/em><\/span>&#8222;.<br \/>\nGerne unplugged f\u00fcr Menschen, die auch leise T\u00f6ne lieben.<br \/>\n<a href=\"https:\/\/www.facebook.com\/wolf.wiedemann\/videos\/272675399204445\"><img loading=\"lazy\" decoding=\"async\" class=\"\" src=\"https:\/\/www.wolf-w.de\/wp-content\/uploads\/2024\/06\/Wolf-Wiedemann-2.jpg\" width=\"239\" height=\"256\" \/><\/a><\/p>\n","protected":false},"excerpt":{"rendered":"<p>Hier ein Ausschnitt einer &#8222;Beatlesstunde&#8220; von &#8222;Ain&#8217;t she sweet&#8220; \u00fcber &#8222;All you need is love&#8220; bis &#8222;Let it be&#8222;. Gerne unplugged f\u00fcr Menschen, die auch leise T\u00f6ne lieben.<\/p>\n","protected":false},"author":1,"featured_media":0,"parent":0,"menu_order":4,"comment_status":"closed","ping_status":"closed","template":"","meta":{"site-sidebar-layout":"default","site-content-layout":"","ast-site-content-layout":"default","site-content-style":"default","site-sidebar-style":"default","ast-global-header-display":"","ast-banner-title-visibility":"","ast-main-header-display":"","ast-hfb-above-header-display":"","ast-hfb-below-header-display":"","ast-hfb-mobile-header-display":"","site-post-title":"","ast-breadcrumbs-content":"","ast-featured-img":"","footer-sml-layout":"","ast-disable-related-posts":"","theme-transparent-header-meta":"default","adv-header-id-meta":"","stick-header-meta":"","header-above-stick-meta":"","header-main-stick-meta":"","header-below-stick-meta":"","astra-migrate-meta-layouts":"set","ast-page-background-enabled":"default","ast-page-background-meta":{"desktop":{"background-color":"var(--ast-global-color-4)","background-image":"","background-repeat":"repeat","background-position":"center center","background-size":"auto","background-attachment":"scroll","background-type":"","background-media":"","overlay-type":"","overlay-color":"","overlay-opacity":"","overlay-gradient":""},"tablet":{"background-color":"","background-image":"","background-repeat":"repeat","background-position":"center center","background-size":"auto","background-attachment":"scroll","background-type":"","background-media":"","overlay-type":"","overlay-color":"","overlay-opacity":"","overlay-gradient":""},"mobile":{"background-color":"","background-image":"","background-repeat":"repeat","background-position":"center center","background-size":"auto","background-attachment":"scroll","background-type":"","background-media":"","overlay-type":"","overlay-color":"","overlay-opacity":"","overlay-gradient":""}},"ast-content-background-meta":{"desktop":{"background-color":"var(--ast-global-color-5)","background-image":"","background-repeat":"repeat","background-position":"center center","background-size":"auto","background-attachment":"scroll","background-type":"","background-media":"","overlay-type":"","overlay-color":"","overlay-opacity":"","overlay-gradient":""},"tablet":{"background-color":"var(--ast-global-color-5)","background-image":"","background-repeat":"repeat","background-position":"center center","background-size":"auto","background-attachment":"scroll","background-type":"","background-media":"","overlay-type":"","overlay-color":"","overlay-opacity":"","overlay-gradient":""},"mobile":{"background-color":"var(--ast-global-color-5)","background-image":"","background-repeat":"repeat","background-position":"center center","background-size":"auto","background-attachment":"scroll","background-type":"","background-media":"","overlay-type":"","overlay-color":"","overlay-opacity":"","overlay-gradient":""}},"footnotes":""},"class_list":["post-4423","page","type-page","status-publish","hentry"],"_links":{"self":[{"href":"https:\/\/www.wolf-w.de\/index.php?rest_route=\/wp\/v2\/pages\/4423","targetHints":{"allow":["GET"]}}],"collection":[{"href":"https:\/\/www.wolf-w.de\/index.php?rest_route=\/wp\/v2\/pages"}],"about":[{"href":"https:\/\/www.wolf-w.de\/index.php?rest_route=\/wp\/v2\/types\/page"}],"author":[{"embeddable":true,"href":"https:\/\/www.wolf-w.de\/index.php?rest_route=\/wp\/v2\/users\/1"}],"replies":[{"embeddable":true,"href":"https:\/\/www.wolf-w.de\/index.php?rest_route=%2Fwp%2Fv2%2Fcomments&post=4423"}],"version-history":[{"count":21,"href":"https:\/\/www.wolf-w.de\/index.php?rest_route=\/wp\/v2\/pages\/4423\/revisions"}],"predecessor-version":[{"id":4764,"href":"https:\/\/www.wolf-w.de\/index.php?rest_route=\/wp\/v2\/pages\/4423\/revisions\/4764"}],"wp:attachment":[{"href":"https:\/\/www.wolf-w.de\/index.php?rest_route=%2Fwp%2Fv2%2Fmedia&parent=4423"}],"curies":[{"name":"wp","href":"https:\/\/api.w.org\/{rel}","templated":true}]}}