{"id":3560,"date":"2020-12-25T18:44:30","date_gmt":"2020-12-25T17:44:30","guid":{"rendered":"http:\/\/www.wolf-w.de\/?page_id=3560"},"modified":"2023-11-07T08:12:33","modified_gmt":"2023-11-07T07:12:33","slug":"coronamucke","status":"publish","type":"page","link":"https:\/\/www.wolf-w.de\/?page_id=3560","title":{"rendered":"Coronamucke"},"content":{"rendered":"\r\n<p id=\"Corona-Mucke\">In 2020 haben wegen der Pandemie die meisten Auftritte nicht stattgefunden. Geblieben sind Aktivit\u00e4ten in den eigenen 4 W\u00e4nden. <br \/>Zeit, viel Zeit f\u00fcr z.B.:<br \/>&#8211; ein bisschen <a href=\"https:\/\/www.youtube.com\/watch?v=FcN6O4lG4x0&amp;feature=youtu.be\">Musik mit vermummten Gesichtern<\/a> und vermindertem Aerosolflug (11\/2020)<br \/>&#8211; 2 Std. <a href=\"https:\/\/youtu.be\/lpDpH2t4l7U\">Corona-Home-Musik<\/a> (12\/2020) und<br \/>&#8211; dann erstmals wieder eine <a href=\"https:\/\/www.youtube.com\/watch?v=sTtiAObFsp4\">Probe &#8211; auf der Terrasse<\/a> drau\u00dfen mit Wind, Fliegern, Vogelgezwitscher, Nachbarn und Glockengel\u00e4ut. (02\/2021)<br \/><br \/><\/p>\r\n\r\n\r\n\r\n<figure class=\"wp-block-image size-large is-resized\"><a href=\"https:\/\/www.youtube.com\/watch?v=lpDpH2t4l7U&amp;feature=youtu.be\"><img loading=\"lazy\" decoding=\"async\" class=\"wp-image-3564\" src=\"https:\/\/www.wolf-w.de\/wp-content\/uploads\/2020\/12\/Corona-Home-Mucke-1.jpg\" alt=\"\" width=\"169\" height=\"186\" srcset=\"https:\/\/www.wolf-w.de\/wp-content\/uploads\/2020\/12\/Corona-Home-Mucke-1.jpg 501w, https:\/\/www.wolf-w.de\/wp-content\/uploads\/2020\/12\/Corona-Home-Mucke-1-273x300.jpg 273w\" sizes=\"auto, (max-width: 169px) 100vw, 169px\" \/><\/a>\r\n<figcaption>Corona Home Mucke<\/figcaption>\r\n<\/figure>\r\n\r\n\r\n\r\n<figure class=\"wp-block-image size-large is-resized\"><a href=\"https:\/\/www.youtube.com\/watch?v=sTtiAObFsp4\"><img loading=\"lazy\" decoding=\"async\" class=\"wp-image-3607\" src=\"https:\/\/www.wolf-w.de\/wp-content\/uploads\/2021\/02\/Terrassenprobe-1-1-1024x566.jpg\" alt=\"\" width=\"397\" height=\"218\" srcset=\"https:\/\/www.wolf-w.de\/wp-content\/uploads\/2021\/02\/Terrassenprobe-1-1-1024x566.jpg 1024w, https:\/\/www.wolf-w.de\/wp-content\/uploads\/2021\/02\/Terrassenprobe-1-1-300x166.jpg 300w, https:\/\/www.wolf-w.de\/wp-content\/uploads\/2021\/02\/Terrassenprobe-1-1-768x424.jpg 768w, https:\/\/www.wolf-w.de\/wp-content\/uploads\/2021\/02\/Terrassenprobe-1-1-1536x849.jpg 1536w, https:\/\/www.wolf-w.de\/wp-content\/uploads\/2021\/02\/Terrassenprobe-1-1.jpg 1774w\" sizes=\"auto, (max-width: 397px) 100vw, 397px\" \/><\/a><\/figure>\r\n\r\n\r\n\r\n<p>&nbsp;<\/p>\r\n","protected":false},"excerpt":{"rendered":"<p>In 2020 haben wegen der Pandemie die meisten Auftritte nicht stattgefunden. Geblieben sind Aktivit\u00e4ten in den eigenen 4 W\u00e4nden. Zeit, viel Zeit f\u00fcr z.B.:&#8211; ein bisschen Musik mit vermummten Gesichtern und vermindertem Aerosolflug (11\/2020)&#8211; 2 Std. Corona-Home-Musik (12\/2020) und&#8211; dann erstmals wieder eine Probe &#8211; auf der Terrasse drau\u00dfen mit Wind, Fliegern, Vogelgezwitscher, Nachbarn und [&hellip;]<\/p>\n","protected":false},"author":1,"featured_media":0,"parent":0,"menu_order":8,"comment_status":"closed","ping_status":"closed","template":"","meta":{"site-sidebar-layout":"default","site-content-layout":"","ast-site-content-layout":"default","site-content-style":"default","site-sidebar-style":"default","ast-global-header-display":"","ast-banner-title-visibility":"","ast-main-header-display":"","ast-hfb-above-header-display":"","ast-hfb-below-header-display":"","ast-hfb-mobile-header-display":"","site-post-title":"","ast-breadcrumbs-content":"","ast-featured-img":"","footer-sml-layout":"","ast-disable-related-posts":"","theme-transparent-header-meta":"default","adv-header-id-meta":"","stick-header-meta":"","header-above-stick-meta":"","header-main-stick-meta":"","header-below-stick-meta":"","astra-migrate-meta-layouts":"set","ast-page-background-enabled":"default","ast-page-background-meta":{"desktop":{"background-color":"var(--ast-global-color-4)","background-image":"","background-repeat":"repeat","background-position":"center center","background-size":"auto","background-attachment":"scroll","background-type":"","background-media":"","overlay-type":"","overlay-color":"","overlay-opacity":"","overlay-gradient":""},"tablet":{"background-color":"","background-image":"","background-repeat":"repeat","background-position":"center center","background-size":"auto","background-attachment":"scroll","background-type":"","background-media":"","overlay-type":"","overlay-color":"","overlay-opacity":"","overlay-gradient":""},"mobile":{"background-color":"","background-image":"","background-repeat":"repeat","background-position":"center center","background-size":"auto","background-attachment":"scroll","background-type":"","background-media":"","overlay-type":"","overlay-color":"","overlay-opacity":"","overlay-gradient":""}},"ast-content-background-meta":{"desktop":{"background-color":"var(--ast-global-color-5)","background-image":"","background-repeat":"repeat","background-position":"center center","background-size":"auto","background-attachment":"scroll","background-type":"","background-media":"","overlay-type":"","overlay-color":"","overlay-opacity":"","overlay-gradient":""},"tablet":{"background-color":"var(--ast-global-color-5)","background-image":"","background-repeat":"repeat","background-position":"center center","background-size":"auto","background-attachment":"scroll","background-type":"","background-media":"","overlay-type":"","overlay-color":"","overlay-opacity":"","overlay-gradient":""},"mobile":{"background-color":"var(--ast-global-color-5)","background-image":"","background-repeat":"repeat","background-position":"center center","background-size":"auto","background-attachment":"scroll","background-type":"","background-media":"","overlay-type":"","overlay-color":"","overlay-opacity":"","overlay-gradient":""}},"footnotes":""},"class_list":["post-3560","page","type-page","status-publish","hentry"],"_links":{"self":[{"href":"https:\/\/www.wolf-w.de\/index.php?rest_route=\/wp\/v2\/pages\/3560","targetHints":{"allow":["GET"]}}],"collection":[{"href":"https:\/\/www.wolf-w.de\/index.php?rest_route=\/wp\/v2\/pages"}],"about":[{"href":"https:\/\/www.wolf-w.de\/index.php?rest_route=\/wp\/v2\/types\/page"}],"author":[{"embeddable":true,"href":"https:\/\/www.wolf-w.de\/index.php?rest_route=\/wp\/v2\/users\/1"}],"replies":[{"embeddable":true,"href":"https:\/\/www.wolf-w.de\/index.php?rest_route=%2Fwp%2Fv2%2Fcomments&post=3560"}],"version-history":[{"count":22,"href":"https:\/\/www.wolf-w.de\/index.php?rest_route=\/wp\/v2\/pages\/3560\/revisions"}],"predecessor-version":[{"id":4461,"href":"https:\/\/www.wolf-w.de\/index.php?rest_route=\/wp\/v2\/pages\/3560\/revisions\/4461"}],"wp:attachment":[{"href":"https:\/\/www.wolf-w.de\/index.php?rest_route=%2Fwp%2Fv2%2Fmedia&parent=3560"}],"curies":[{"name":"wp","href":"https:\/\/api.w.org\/{rel}","templated":true}]}}