{"id":28,"date":"2007-12-13T17:08:10","date_gmt":"2007-12-13T16:08:10","guid":{"rendered":"http:\/\/www.wolf-w.de\/?page_id=28"},"modified":"2025-12-22T23:45:22","modified_gmt":"2025-12-22T22:45:22","slug":"unterricht","status":"publish","type":"page","link":"https:\/\/www.wolf-w.de\/?page_id=28","title":{"rendered":"Unterricht"},"content":{"rendered":"<p class=\"MsoNormal\"><span style=\"color: #b22222;\">Hast du dir auch schon mal gedacht: <em><span style=\"font-family: Arial;\">\u201eSchade eigentlich, dass ich nie angefangen habe Gitarr<\/span><\/em><em><span style=\"font-family: Arial;\">e zu spielen? \u2026. Jetzt ist es zu sp\u00e4t daf\u00fcr!\u201c<\/span><\/em><br \/>\n<span style=\"font-family: Arial;\">Tats\u00e4chlich ist es nie zu sp\u00e4t. Auch nicht f\u00fcr Erwachsene und Senioren.<br \/>\n<\/span><\/span><\/p>\n<p class=\"MsoNormal\"><strong><span style=\"font-family: Arial;\">Gitarre spielen <\/span><\/strong><strong><span style=\"font-family: Arial;\">le<\/span><\/strong><strong><span style=\"font-family: Arial;\">icht gemacht \u00a0 \u00a0 \u00a0 \u00a0\u00a0 \u00a0 \u00a0 \u00a0 \u00a0 \u00a0 \u00a0 <\/span><\/strong><img decoding=\"async\" style=\"width: 133px; height: 191px;\" src=\"https:\/\/www.wolf-w.de\/wp-content\/uploads\/2008\/08\/gitarrenunterricht1.JPG\" alt=\"gitarrenunterricht1.JPG\" \/><\/p>\n<p class=\"MsoNormal\">Bei diesem Gitarrenunterricht geht es darum, in einer \u00fcberschaubaren Zeit Lieder und Songs begleiten zu k\u00f6nnen. Auch kann der Blues oder das Solo-Spiel in den Mittelpunkt des Unterrichts ger\u00fcckt werden.<\/p>\n<p class=\"MsoNormal\">Die Terminplanung erfolgt von Monat zu Monat. Neben w\u00f6chentlich regelm\u00e4\u00dfigem Unterricht sind auch <a href=\"https:\/\/www.wolf-w.de\/wp-content\/uploads\/2025\/10\/Intensivtraining.pdf\"><span style=\"color: #750808;\"><span style=\"color: #960606;\"><em>einmalige Termine (Intensivtraining)<\/em><\/span><\/span><\/a> mit individueller Terminabsprache m\u00f6glich.<\/p>\n<p class=\"MsoNormal\">Willkommen sind sowohl Anf\u00e4nger als auch Menschen, die schon einmal eine Gitarre in der Hand hatten, etwas spielen k\u00f6nnen und sich verbessern wollen.<\/p>\n<table border=\"0\" width=\"554\" cellspacing=\"1\" cellpadding=\"1\">\n<tbody>\n<tr>\n<td><strong><span style=\"font-family: Arial;\">Ziel<\/span><\/strong><strong><span style=\"font-family: Arial;\">gr<\/span><\/strong><strong><span style=\"font-family: Arial;\">uppe:<\/span><\/strong><\/td>\n<td>jede Frau \/ jeder Mann<\/td>\n<\/tr>\n<tr>\n<td><strong><span style=\"font-family: Arial;\">Alter:<\/span><\/strong><\/td>\n<td>Erwachsene und Senioren &#8211; welcome!<\/td>\n<\/tr>\n<tr>\n<td><strong><span style=\"font-family: Arial;\">Ziel:<\/span><\/strong><\/td>\n<td>Songs \/ Blues \/ Liedbegleitung<\/td>\n<\/tr>\n<tr>\n<td><strong><span style=\"font-family: Arial;\">Termine:<\/span><\/strong><\/td>\n<td>w\u00f6chentlich und nach Absprache<\/td>\n<\/tr>\n<tr>\n<td><u><strong><span style=\"font-family: Arial;\">Kontakt:<\/span><\/strong><\/u><\/td>\n<td><\/td>\n<\/tr>\n<tr>\n<td><strong>Tel:<\/strong><\/td>\n<td>02161\/675685 oder 0151\/28783577<\/td>\n<\/tr>\n<tr>\n<td><strong>Mail:<\/strong><\/td>\n<td><a href=\"mailto:wolf-w@wolf-w.de\">wolf-w@wolf-w.de<\/a> oder per <a href=\"https:\/\/www.wolf-w.de\/\/?page_id=5#kontakt\">Kontaktformular<\/a><\/td>\n<\/tr>\n<\/tbody>\n<\/table>\n<p><u>Damit m\u00fcssen Sie rechnen:<\/u><br \/>\n<span style=\"color: #b22222;\">Einzelunterricht:\u00a0\u00a0\u00a0 120,00 \u20ac pro Monat (45 min &#8211; einmal pro Woche)<\/span><br \/>\n<span style=\"color: #b22222;\">Einzelstunden:\u00a0\u00a0\u00a0\u00a0 \u00a0\u00a0 35,00 \u20ac<\/span><\/p>\n","protected":false},"excerpt":{"rendered":"<p>Hast du dir auch schon mal gedacht: \u201eSchade eigentlich, dass ich nie angefangen habe Gitarre zu spielen? \u2026. Jetzt ist es zu sp\u00e4t daf\u00fcr!\u201c Tats\u00e4chlich ist es nie zu sp\u00e4t. Auch nicht f\u00fcr Erwachsene und Senioren. Gitarre spielen leicht gemacht \u00a0 \u00a0 \u00a0 \u00a0\u00a0 \u00a0 \u00a0 \u00a0 \u00a0 \u00a0 \u00a0 Bei diesem Gitarrenunterricht geht es [&hellip;]<\/p>\n","protected":false},"author":1,"featured_media":0,"parent":0,"menu_order":16,"comment_status":"open","ping_status":"open","template":"","meta":{"site-sidebar-layout":"default","site-content-layout":"","ast-site-content-layout":"default","site-content-style":"default","site-sidebar-style":"default","ast-global-header-display":"","ast-banner-title-visibility":"","ast-main-header-display":"","ast-hfb-above-header-display":"","ast-hfb-below-header-display":"","ast-hfb-mobile-header-display":"","site-post-title":"","ast-breadcrumbs-content":"","ast-featured-img":"","footer-sml-layout":"","ast-disable-related-posts":"","theme-transparent-header-meta":"default","adv-header-id-meta":"","stick-header-meta":"","header-above-stick-meta":"","header-main-stick-meta":"","header-below-stick-meta":"","astra-migrate-meta-layouts":"set","ast-page-background-enabled":"default","ast-page-background-meta":{"desktop":{"background-color":"var(--ast-global-color-4)","background-image":"","background-repeat":"repeat","background-position":"center center","background-size":"auto","background-attachment":"scroll","background-type":"","background-media":"","overlay-type":"","overlay-color":"","overlay-opacity":"","overlay-gradient":""},"tablet":{"background-color":"","background-image":"","background-repeat":"repeat","background-position":"center center","background-size":"auto","background-attachment":"scroll","background-type":"","background-media":"","overlay-type":"","overlay-color":"","overlay-opacity":"","overlay-gradient":""},"mobile":{"background-color":"","background-image":"","background-repeat":"repeat","background-position":"center center","background-size":"auto","background-attachment":"scroll","background-type":"","background-media":"","overlay-type":"","overlay-color":"","overlay-opacity":"","overlay-gradient":""}},"ast-content-background-meta":{"desktop":{"background-color":"var(--ast-global-color-5)","background-image":"","background-repeat":"repeat","background-position":"center center","background-size":"auto","background-attachment":"scroll","background-type":"","background-media":"","overlay-type":"","overlay-color":"","overlay-opacity":"","overlay-gradient":""},"tablet":{"background-color":"var(--ast-global-color-5)","background-image":"","background-repeat":"repeat","background-position":"center center","background-size":"auto","background-attachment":"scroll","background-type":"","background-media":"","overlay-type":"","overlay-color":"","overlay-opacity":"","overlay-gradient":""},"mobile":{"background-color":"var(--ast-global-color-5)","background-image":"","background-repeat":"repeat","background-position":"center center","background-size":"auto","background-attachment":"scroll","background-type":"","background-media":"","overlay-type":"","overlay-color":"","overlay-opacity":"","overlay-gradient":""}},"footnotes":""},"class_list":["post-28","page","type-page","status-publish","hentry"],"_links":{"self":[{"href":"https:\/\/www.wolf-w.de\/index.php?rest_route=\/wp\/v2\/pages\/28","targetHints":{"allow":["GET"]}}],"collection":[{"href":"https:\/\/www.wolf-w.de\/index.php?rest_route=\/wp\/v2\/pages"}],"about":[{"href":"https:\/\/www.wolf-w.de\/index.php?rest_route=\/wp\/v2\/types\/page"}],"author":[{"embeddable":true,"href":"https:\/\/www.wolf-w.de\/index.php?rest_route=\/wp\/v2\/users\/1"}],"replies":[{"embeddable":true,"href":"https:\/\/www.wolf-w.de\/index.php?rest_route=%2Fwp%2Fv2%2Fcomments&post=28"}],"version-history":[{"count":65,"href":"https:\/\/www.wolf-w.de\/index.php?rest_route=\/wp\/v2\/pages\/28\/revisions"}],"predecessor-version":[{"id":5251,"href":"https:\/\/www.wolf-w.de\/index.php?rest_route=\/wp\/v2\/pages\/28\/revisions\/5251"}],"wp:attachment":[{"href":"https:\/\/www.wolf-w.de\/index.php?rest_route=%2Fwp%2Fv2%2Fmedia&parent=28"}],"curies":[{"name":"wp","href":"https:\/\/api.w.org\/{rel}","templated":true}]}}